{"id":220,"date":"2017-01-06T12:56:49","date_gmt":"2017-01-06T11:56:49","guid":{"rendered":"http:\/\/habenda.com\/?page_id=220"},"modified":"2025-05-06T14:52:32","modified_gmt":"2025-05-06T12:52:32","slug":"cennik","status":"publish","type":"page","link":"http:\/\/habenda.com\/de\/cennik\/","title":{"rendered":"Preislite"},"content":{"rendered":"<p><\/p>\n\n\n\n<p class=\"has-text-align-center\"><\/p>\n\n\n\n<h2 class=\"wp-block-heading\"><strong>PREISE<\/strong><\/h2>\n\n\n\n<ul>\n<li>Einzelzimmer incl. Fr\u00fchst\u00fcck   &#8211; <strong>ab 240z\u0142 <\/strong>&nbsp; &nbsp; &nbsp; &nbsp; &nbsp; &nbsp; &nbsp; &nbsp; &nbsp; &nbsp; &nbsp; &nbsp; &nbsp; &nbsp; &nbsp; &nbsp; &nbsp;<\/li>\n\n\n\n<li>Doppelzimmer incl. Fr\u00fchst\u00fcck&nbsp;&#8211; <strong>ab 360z\u0142<\/strong> &nbsp; &nbsp; &nbsp; &nbsp; &nbsp; &nbsp; &nbsp; &nbsp; &nbsp; &nbsp; &nbsp; &nbsp; &nbsp; &nbsp; <strong>&nbsp;<\/strong><\/li>\n\n\n\n<li>3-Bett-Zimmer (Erwachsene) incl. Fr\u00fchst\u00fcck&nbsp;&#8211; <strong>ab 540z\u0142<\/strong> &nbsp; &nbsp; &nbsp; &nbsp;&nbsp;  &nbsp; &nbsp; &nbsp; &nbsp; &nbsp; &nbsp; &nbsp; &nbsp; &nbsp; &nbsp; &nbsp; &nbsp;<\/li>\n\n\n\n<li>Zustellbett bis 10 Jahre mit Fruhstuck<strong> 100z\u0142 pro tag<\/strong><\/li>\n<\/ul>\n\n\n\n<p>*Im Falle nur einer \u00dcbernachtung 20<strong>&nbsp; Zloty&nbsp;pro Person&nbsp;<\/strong>Zuschlag.<\/p>\n\n\n\n<p>**Kurtaxe 3,31 <strong> Zloty<\/strong> pro Tag<\/p>\n\n\n\n<p>***Zuzahlung f\u00fcr Tiere <strong>50 Zloty<\/strong><\/p>\n\n\n\n<h2 class=\"wp-block-heading\"><strong>VERPFLEGUNG<\/strong><\/h2>\n\n\n\n<ul>\n<li>Fr\u00fchst\u00fcck &nbsp; &nbsp; &nbsp; &nbsp; &nbsp; &nbsp; &nbsp; &nbsp; &nbsp; &nbsp; &nbsp; &nbsp; &nbsp; &nbsp; &nbsp; &nbsp; &nbsp; &nbsp; &nbsp; &nbsp; &nbsp; &nbsp; &nbsp; &nbsp; &nbsp; &nbsp; &nbsp; &nbsp; &nbsp; &nbsp;&nbsp;<strong>im Preis<\/strong><\/li>\n\n\n\n<li>Mittagessen oder warmes Abendessen &nbsp; &nbsp; &nbsp;  &nbsp; 70&nbsp;<strong> Zloty <\/strong>Erwachsene<strong>, 35  Zloty <\/strong>Kinder.<\/li>\n\n\n\n<li>Grillabend &nbsp; &nbsp; &nbsp; &nbsp; &nbsp; &nbsp; &nbsp; &nbsp; &nbsp; &nbsp; &nbsp; &nbsp; &nbsp; &nbsp; &nbsp; &nbsp; &nbsp; &nbsp; &nbsp; &nbsp; &nbsp; &nbsp; &nbsp; &nbsp; &nbsp; &nbsp; &nbsp; &nbsp;<strong>Preise nach gew\u00fcnschtem Men\u00fc und nach Zahl der Teilnehmer<\/strong><\/li>\n<\/ul>\n\n\n\n<h2 class=\"wp-block-heading\"><strong>AUSLEIHPREISE<\/strong><\/h2>\n\n\n\n<ul>\n<li>1 Fahrrad &nbsp; &nbsp; &nbsp; &nbsp; &nbsp; &nbsp; &nbsp; &nbsp; &nbsp; &nbsp; &nbsp; &nbsp; &nbsp; &nbsp; &nbsp; &nbsp; &nbsp; &nbsp; &nbsp; &nbsp; &nbsp; &nbsp; &nbsp; &nbsp; &nbsp; &nbsp; &nbsp; &nbsp; &nbsp; &nbsp; &nbsp; &nbsp; <strong>80  Zloty<\/strong> pro Tag<\/li>\n<\/ul>\n\n\n\n<h2 class=\"wp-block-heading\"><strong>&nbsp;ANDERE PREISE<\/strong><\/h2>\n\n\n\n<ul>\n<li>Lagerfeuer&nbsp; &nbsp; &nbsp; &nbsp; &nbsp; &nbsp; &nbsp; &nbsp; &nbsp; &nbsp; &nbsp; &nbsp; &nbsp; &nbsp; &nbsp; &nbsp; &nbsp; &nbsp; &nbsp; &nbsp; &nbsp; &nbsp; &nbsp; &nbsp; &nbsp; &nbsp; &nbsp; &nbsp;<strong>140 Zloty<\/strong><\/li>\n\n\n\n<li>Grillgestell &nbsp; &nbsp; &nbsp; &nbsp; &nbsp; &nbsp; &nbsp; &nbsp; &nbsp; &nbsp; &nbsp; &nbsp; &nbsp; &nbsp; &nbsp; &nbsp; &nbsp; &nbsp; &nbsp; &nbsp; &nbsp; &nbsp; &nbsp; &nbsp; &nbsp; &nbsp; &nbsp; &nbsp;&nbsp;<strong>kostenlos<\/strong><\/li>\n\n\n\n<li>Billard &nbsp; &nbsp; &nbsp; &nbsp; &nbsp; &nbsp; &nbsp; &nbsp; &nbsp; &nbsp; &nbsp; &nbsp; &nbsp; &nbsp; &nbsp; &nbsp; &nbsp; &nbsp; &nbsp; &nbsp; &nbsp; &nbsp; &nbsp; &nbsp; &nbsp; &nbsp; &nbsp; &nbsp; &nbsp; &nbsp; &nbsp;&nbsp;&nbsp;<strong> Zloty<\/strong> pro Stunde<\/li>\n\n\n\n<li>Parkplatz &nbsp; &nbsp; &nbsp; &nbsp; &nbsp; &nbsp; &nbsp; &nbsp; &nbsp; &nbsp; &nbsp; &nbsp; &nbsp; &nbsp; &nbsp; &nbsp; &nbsp; &nbsp; &nbsp; &nbsp; &nbsp; &nbsp; &nbsp; &nbsp; &nbsp; &nbsp; &nbsp; &nbsp; &nbsp; &nbsp;&nbsp;<strong>frei<\/strong><\/li>\n<\/ul>\n\n\n\n<p><\/p>","protected":false},"excerpt":{"rendered":"<p>PREISE *Im Falle nur einer \u00dcbernachtung 20&nbsp; Zloty&nbsp;pro Person&nbsp;Zuschlag. **Kurtaxe 3,31 Zloty pro Tag ***Zuzahlung f\u00fcr Tiere 50 Zloty VERPFLEGUNG AUSLEIHPREISE &nbsp;ANDERE PREISE<\/p>\n","protected":false},"author":1,"featured_media":0,"parent":0,"menu_order":0,"comment_status":"closed","ping_status":"closed","template":"","meta":[],"_links":{"self":[{"href":"http:\/\/habenda.com\/de\/wp-json\/wp\/v2\/pages\/220"}],"collection":[{"href":"http:\/\/habenda.com\/de\/wp-json\/wp\/v2\/pages"}],"about":[{"href":"http:\/\/habenda.com\/de\/wp-json\/wp\/v2\/types\/page"}],"author":[{"embeddable":true,"href":"http:\/\/habenda.com\/de\/wp-json\/wp\/v2\/users\/1"}],"replies":[{"embeddable":true,"href":"http:\/\/habenda.com\/de\/wp-json\/wp\/v2\/comments?post=220"}],"version-history":[{"count":91,"href":"http:\/\/habenda.com\/de\/wp-json\/wp\/v2\/pages\/220\/revisions"}],"predecessor-version":[{"id":936,"href":"http:\/\/habenda.com\/de\/wp-json\/wp\/v2\/pages\/220\/revisions\/936"}],"wp:attachment":[{"href":"http:\/\/habenda.com\/de\/wp-json\/wp\/v2\/media?parent=220"}],"curies":[{"name":"wp","href":"https:\/\/api.w.org\/{rel}","templated":true}]}}