{"id":7,"date":"2016-03-17T14:35:01","date_gmt":"2016-03-17T13:35:01","guid":{"rendered":"http:\/\/habenda.com\/?page_id=7"},"modified":"2021-07-07T12:09:04","modified_gmt":"2021-07-07T10:09:04","slug":"oferta","status":"publish","type":"page","link":"http:\/\/habenda.com\/de\/angebot\/","title":{"rendered":"ANGEBOT"},"content":{"rendered":"<p><\/p>\n<p style=\"text-align: center;\"><strong>ZIMMER\u00a0&#8211; Krutyn<\/strong><\/p>\n<p>Wir bieten Ihnen 1, 2 und 3 &#8211; Bett &#8211; Zimmer an, mit der M\u00f6glichkeit Zustellbetten zu organisieren.<\/p>\n<p style=\"text-align: center;\"><strong>RESTAURANT<\/strong><\/p>\n<p style=\"text-align: center;\">\n<p><strong>Fr\u00fchst\u00fcck:<\/strong>\u00a0 von 7,30 bis 10 Uhr<\/p>\n<p>Geschmackvolles, vielf\u00e4ltiges B\u00fcfett.<\/p>\n<p>Zu unseren Spezialit\u00e4ten geh\u00f6ren Hefepuffer mit \u00c4pfel, gerne gegessen von Kindern und Erwachsenen.<\/p>\n<p><strong>Mittagessen oder warmes Abendessen<\/strong>, Empfehlung des K\u00fcchenchefs:<\/p>\n<p>Unsere Spezialit\u00e4ten unter Anderem:<\/p>\n<ul>\n<li>K\u00f6nigsberger Klopse,<\/li>\n<li>Gebratene Forelle mit Kr\u00e4uter-Knobloch-Butter,<\/li>\n<li>Zanderfilet auf masurische Art,<\/li>\n<li>Reibekuchen mit Pfifferlinge,<\/li>\n<li>Dorfsuppe (Kartoffelsuppe mit Mehlkl\u00f6schen)<\/li>\n<li>Sauerampfer Suppe mit Eieinlage,<\/li>\n<li>Teigtaschen (Pieroggen)<\/li>\n<li>Hausgebackener Kuchen<\/li>\n<\/ul>\n<p><strong>Die Speisen sind t\u00e4glich frisch zubereitet.<\/strong><\/p>\n<p style=\"text-align: center;\"><strong>DRINK BAR<\/strong><\/p>\n<p>Im Angebot: unterschiedliche Biersorten,\u00a0 reiche Auswahl an Wein und Wodka sowie alkoholfreie Getr\u00e4nke.<\/p>\n<p>Die Bar serviert unterschiedliche Drinks, auch aus eigener Zusammenstellung &#8222;Masurischer und schwarzer Schwan&#8220; von G\u00e4sten sehr beliebt.<\/p>\n<p style=\"text-align: center;\"><strong>ANDERE<\/strong><\/p>\n<ul>\n<li><strong>Konferenzsaal <\/strong>mit voller Ausstattung f\u00fcr Konferenzen, Schulungen.<\/li>\n<li><strong>Fitnesssaal: <\/strong>Mini Fitnessstudio<\/li>\n<li><strong>Trockensauna<\/strong><\/li>\n<li><strong>Billard<\/strong><\/li>\n<li><strong>Kajak &#8211; und Fahrrad &#8211; Verleih sowie Stand Up Paddle-Brett<\/strong> (aufs Wasser)<\/li>\n<li><strong>Wi-Fi <\/strong>Empfang in der Rezeption und Restaurant.<\/li>\n<li><strong>Freier Parkplatz\u00a0<\/strong><\/li>\n<\/ul>\n<p><\/p>","protected":false},"excerpt":{"rendered":"<p>ZIMMER\u00a0&#8211; Krutyn Wir bieten Ihnen 1, 2 und 3 &#8211; Bett &#8211; Zimmer an, mit der M\u00f6glichkeit Zustellbetten zu organisieren. RESTAURANT Fr\u00fchst\u00fcck:\u00a0 von 7,30 bis 10 Uhr Geschmackvolles, vielf\u00e4ltiges B\u00fcfett. Zu unseren Spezialit\u00e4ten geh\u00f6ren Hefepuffer mit \u00c4pfel, gerne gegessen von Kindern und Erwachsenen. Mittagessen oder warmes Abendessen, Empfehlung des K\u00fcchenchefs: Unsere Spezialit\u00e4ten unter Anderem: K\u00f6nigsberger [&hellip;]<\/p>\n","protected":false},"author":1,"featured_media":0,"parent":0,"menu_order":0,"comment_status":"closed","ping_status":"closed","template":"","meta":[],"_links":{"self":[{"href":"http:\/\/habenda.com\/de\/wp-json\/wp\/v2\/pages\/7"}],"collection":[{"href":"http:\/\/habenda.com\/de\/wp-json\/wp\/v2\/pages"}],"about":[{"href":"http:\/\/habenda.com\/de\/wp-json\/wp\/v2\/types\/page"}],"author":[{"embeddable":true,"href":"http:\/\/habenda.com\/de\/wp-json\/wp\/v2\/users\/1"}],"replies":[{"embeddable":true,"href":"http:\/\/habenda.com\/de\/wp-json\/wp\/v2\/comments?post=7"}],"version-history":[{"count":21,"href":"http:\/\/habenda.com\/de\/wp-json\/wp\/v2\/pages\/7\/revisions"}],"predecessor-version":[{"id":808,"href":"http:\/\/habenda.com\/de\/wp-json\/wp\/v2\/pages\/7\/revisions\/808"}],"wp:attachment":[{"href":"http:\/\/habenda.com\/de\/wp-json\/wp\/v2\/media?parent=7"}],"curies":[{"name":"wp","href":"https:\/\/api.w.org\/{rel}","templated":true}]}}